{"id":1382,"date":"2016-07-25T10:37:57","date_gmt":"2016-07-25T10:37:57","guid":{"rendered":"https:\/\/www.restoran-arkada.com\/home\/"},"modified":"2018-08-29T15:29:36","modified_gmt":"2018-08-29T13:29:36","slug":"home","status":"publish","type":"page","link":"https:\/\/www.restoran-arkada.com\/hr\/","title":{"rendered":"Po\u010detna"},"content":{"rendered":"<section id=\"our-menu\" class=\"section-block\">\n\t<div class=\"center\">\n\t\t<div class=\"section-title v1\">\n\t\t\t<p class=\"subtitle color-pr-tx\">Nasumi\u010dna jela<\/p>\n\t\t<h3 class=\"font-heading\"> Iz na\u0161eg jelovnika<\/h3>\t\t\n<\/div>\t\t\t\t\t<ul class=\"dishes-menu cols-2 margin-large large-imgs drop-style \">\n\t\t\t\t\t\t\t\t\t<li class=\"menu-item post-917 dishes_menu type-dishes_menu status-publish has-post-thumbnail hentry dishes_categories-desserts\">\n\t\t\t<div class=\"thumbnail\">\n\t\t\t<img width=\"105\" height=\"105\" src=\"https:\/\/www.restoran-arkada.com\/wp-content\/uploads\/banana-split-105x105.jpg\" class=\"attachment-cristiano_small_image size-cristiano_small_image wp-post-image\" alt=\"\" loading=\"lazy\" \/>\t\t<\/div>\n\t\t<div class=\"description\">\n\t\t<span class=\"dm-price font-title color-content color-pr-tx\">7 <span class=\"currency\">\u20ac<\/span><\/span>\t\t\t\n\t\t\t\t\t<h2 class=\"color-content\"><span class=\"title font-title\">Banana split<\/span><\/h2>\n\t\t\t\t<div class=\"dots\">\n\t\t\t\t\n\t\t\t\t\t\t\t\t<p>Banana, ice cream, whiped cream<\/p>\n\t\t<\/div>\n\t\t\t<\/div>\n<\/li>\t\t\t\t\t\t\t\t\t<li class=\"menu-item post-935 dishes_menu type-dishes_menu status-publish has-post-thumbnail hentry dishes_categories-meatdishes\">\n\t\t\t<div class=\"thumbnail\">\n\t\t\t<img width=\"105\" height=\"105\" src=\"https:\/\/www.restoran-arkada.com\/wp-content\/uploads\/cevapi-105x105.jpg\" class=\"attachment-cristiano_small_image size-cristiano_small_image wp-post-image\" alt=\"\" loading=\"lazy\" \/>\t\t<\/div>\n\t\t<div class=\"description\">\n\t\t<span class=\"dm-price font-title color-content color-pr-tx\">15 <span class=\"currency\">\u20ac<\/span><\/span>\t\t\t\n\t\t\t\t\t<h2 class=\"color-content\"><span class=\"title font-title\">Cevapi<\/span><\/h2>\n\t\t\t\t<div class=\"dots\">\n\t\t\t\t\n\t\t\t\t\t\t\t\t<p>Cevapi, pommes frites<\/p>\n\t\t<\/div>\n\t\t\t<\/div>\n<\/li>\t\t\t\t\t\t\t\t\t<li class=\"menu-item post-945 dishes_menu type-dishes_menu status-publish has-post-thumbnail hentry dishes_categories-seafood\">\n\t\t\t<div class=\"thumbnail\">\n\t\t\t<img width=\"105\" height=\"105\" src=\"https:\/\/www.restoran-arkada.com\/wp-content\/uploads\/shark-filet-105x105.jpg\" class=\"attachment-cristiano_small_image size-cristiano_small_image wp-post-image\" alt=\"\" loading=\"lazy\" \/>\t\t<\/div>\n\t\t<div class=\"description\">\n\t\t<span class=\"dm-price font-title color-content color-pr-tx\">20 <span class=\"currency\">\u20ac<\/span><\/span>\t\t\t\n\t\t\t\t\t<h2 class=\"color-content\"><span class=\"title font-title\">Shark filet<\/span><\/h2>\n\t\t\t\t<div class=\"dots\">\n\t\t\t\t\n\t\t\t\t\t\t\t\t<p>Shark filet, seasonal vegetables or pommes frites<\/p>\n\t\t<\/div>\n\t\t\t<\/div>\n<\/li>\t\t\t\t\t\t\t\t\t<li class=\"menu-item post-939 dishes_menu type-dishes_menu status-publish has-post-thumbnail hentry dishes_categories-meatdishes\">\n\t\t\t<div class=\"thumbnail\">\n\t\t\t<img width=\"105\" height=\"105\" src=\"https:\/\/www.restoran-arkada.com\/wp-content\/uploads\/grilled-beefsteak-105x105.jpg\" class=\"attachment-cristiano_small_image size-cristiano_small_image wp-post-image\" alt=\"\" loading=\"lazy\" \/>\t\t<\/div>\n\t\t<div class=\"description\">\n\t\t<span class=\"dm-price font-title color-content color-pr-tx\">40 <span class=\"currency\">\u20ac<\/span><\/span>\t\t\t\n\t\t\t\t\t<h2 class=\"color-content\"><span class=\"title font-title\">Grilled beefsteak<\/span><\/h2>\n\t\t\t\t<div class=\"dots\">\n\t\t\t\t\n\t\t\t\t\t\t\t\t<p>Beefsteak, seasonal vegetables or pommes frites<\/p>\n\t\t<\/div>\n\t\t\t<\/div>\n<\/li>\t\t\t\t\t\t\t\t\t<li class=\"menu-item post-947 dishes_menu type-dishes_menu status-publish has-post-thumbnail hentry dishes_categories-seafood\">\n\t\t\t<div class=\"thumbnail\">\n\t\t\t<img width=\"105\" height=\"105\" src=\"https:\/\/www.restoran-arkada.com\/wp-content\/uploads\/grilled-tuna-steak-105x105.jpg\" class=\"attachment-cristiano_small_image size-cristiano_small_image wp-post-image\" alt=\"\" loading=\"lazy\" \/>\t\t<\/div>\n\t\t<div class=\"description\">\n\t\t<span class=\"dm-price font-title color-content color-pr-tx\">25 <span class=\"currency\">\u20ac<\/span><\/span>\t\t\t\n\t\t\t\t\t<h2 class=\"color-content\"><span class=\"title font-title\">Grilled tuna steak<\/span><\/h2>\n\t\t\t\t<div class=\"dots\">\n\t\t\t\t\n\t\t\t\t\t\t\t\t<p>Tuna steak, seasonal vegetables or pommes frites<\/p>\n\t\t<\/div>\n\t\t\t<\/div>\n<\/li>\t\t\t\t\t\t\t\t\t<li class=\"menu-item post-919 dishes_menu type-dishes_menu status-publish has-post-thumbnail hentry dishes_categories-desserts\">\n\t\t\t<div class=\"thumbnail\">\n\t\t\t<img width=\"105\" height=\"105\" src=\"https:\/\/www.restoran-arkada.com\/wp-content\/uploads\/fruit-salad-105x105.jpg\" class=\"attachment-cristiano_small_image size-cristiano_small_image wp-post-image\" alt=\"\" loading=\"lazy\" \/>\t\t<\/div>\n\t\t<div class=\"description\">\n\t\t<span class=\"dm-price font-title color-content color-pr-tx\">10 <span class=\"currency\">\u20ac<\/span><\/span>\t\t\t\n\t\t\t\t\t<h2 class=\"color-content\"><span class=\"title font-title\">Fruit salad<\/span><\/h2>\n\t\t\t\t<div class=\"dots\">\n\t\t\t\t\n\t\t\t\t\t\t\t\t<p>Various fruits<\/p>\n\t\t<\/div>\n\t\t\t<\/div>\n<\/li>\t\t\t\t\t\t\t<\/ul>\n\t\t\t\t\t\t\t<div class=\"view-full-menu\">\n\t\t\t\t<a href=\"our-menu\" class=\"btn btn-transparent btn-lg\">Pogledajte cijeli jelovnik<\/a>\n\t\t\t<\/div>\n\t\t\t<\/div>\n<\/section>\n\n\t<section id=\"latest-news\" class=\"has-bg color-tr\">\n\t\t\t\t\t\t\t\t\t\t<div class=\"latest-news_list\">\n\t\t\t\t\t<div class=\"section-title v1\">\n\t\t\t<p class=\"subtitle color-pr-tx\">Smje\u0161taj<\/p>\n\t\t<h3 class=\"font-heading\"> Na\u0161i apartmani<\/h3>\t\t\n<\/div>\t\t\t\t\t<div class=\"swiper-container\">\n\t\t\t\t\t\t<div class=\"swiper-wrapper\">\t\n\t\t\t\t\t\t\t\t\t\t\t\t\t\t\t<div class=\"item swiper-slide simple-parallax\">\n\t<div class=\"divimage dzsparallaxer--target\" style='background-image: url(\"https:\/\/www.restoran-arkada.com\/wp-content\/uploads\/studio1-01.jpg\")'><\/div>\n\t<div class=\"center\">\n\t\t<div class=\"cols-2 margin-large latest-news-inner\">\n\t\t\t<div>\n\t\t\t\t<img width=\"600\" height=\"450\" src=\"https:\/\/www.restoran-arkada.com\/wp-content\/uploads\/studio1-01-600x450.jpg\" class=\"attachment-medium size-medium wp-post-image\" alt=\"\" loading=\"lazy\" \/>\t\t\t<\/div>\n\t\t\t<div>\n\t\t\t\t<time class=\"date pr-font\" datetime=\"2018-08-18\">18\/08\/2018<\/time>\n\t\t\t\t<h2 class=\"font-title\"><a href=\"https:\/\/www.restoran-arkada.com\/hr\/studio-1\/\">Studio 1<\/a><\/h2>\t\n\t\t\t\t<p>1 spava\u0107a soba za 2 osobe<\/p>\n\t\t\t\t<a class=\"btn btn-transparent\" href=\"https:\/\/www.restoran-arkada.com\/hr\/studio-1\/\">Vi\u0161e<\/a>\n\t\t\t<\/div>\n\t\t<\/div>\n\t<\/div>\n\t<span class=\"alpha-gradient\"><\/span>\n<\/div>\t\t\t\t\t\t\t\t\t\t\t\t\t\t\t<div class=\"item swiper-slide simple-parallax\">\n\t<div class=\"divimage dzsparallaxer--target\" style='background-image: url(\"https:\/\/www.restoran-arkada.com\/wp-content\/uploads\/apartment2-02.jpg\")'><\/div>\n\t<div class=\"center\">\n\t\t<div class=\"cols-2 margin-large latest-news-inner\">\n\t\t\t<div>\n\t\t\t\t<img width=\"675\" height=\"450\" src=\"https:\/\/www.restoran-arkada.com\/wp-content\/uploads\/apartment2-02-675x450.jpg\" class=\"attachment-medium size-medium wp-post-image\" alt=\"\" loading=\"lazy\" \/>\t\t\t<\/div>\n\t\t\t<div>\n\t\t\t\t<time class=\"date pr-font\" datetime=\"2018-08-18\">18\/08\/2018<\/time>\n\t\t\t\t<h2 class=\"font-title\"><a href=\"https:\/\/www.restoran-arkada.com\/hr\/apartment-2\/\">Apartman 2<\/a><\/h2>\t\n\t\t\t\t<p>1 spava\u0107a soba za 2 osobe + 2 pomo\u0107na le\u017eaja<\/p>\n\t\t\t\t<a class=\"btn btn-transparent\" href=\"https:\/\/www.restoran-arkada.com\/hr\/apartment-2\/\">Vi\u0161e<\/a>\n\t\t\t<\/div>\n\t\t<\/div>\n\t<\/div>\n\t<span class=\"alpha-gradient\"><\/span>\n<\/div>\t\t\t\t\t\t\t\t\t\t\t\t\t\t\t<div class=\"item swiper-slide simple-parallax\">\n\t<div class=\"divimage dzsparallaxer--target\" style='background-image: url(\"https:\/\/www.restoran-arkada.com\/wp-content\/uploads\/apartment3-03.jpg\")'><\/div>\n\t<div class=\"center\">\n\t\t<div class=\"cols-2 margin-large latest-news-inner\">\n\t\t\t<div>\n\t\t\t\t<img width=\"675\" height=\"450\" src=\"https:\/\/www.restoran-arkada.com\/wp-content\/uploads\/apartment3-03-675x450.jpg\" class=\"attachment-medium size-medium wp-post-image\" alt=\"\" loading=\"lazy\" \/>\t\t\t<\/div>\n\t\t\t<div>\n\t\t\t\t<time class=\"date pr-font\" datetime=\"2018-08-18\">18\/08\/2018<\/time>\n\t\t\t\t<h2 class=\"font-title\"><a href=\"https:\/\/www.restoran-arkada.com\/hr\/apartment-3\/\">Apartman 3<\/a><\/h2>\t\n\t\t\t\t<p>1 spava\u0107a soba za 2 osobe + 2 pomo\u0107na le\u017eaja<\/p>\n\t\t\t\t<a class=\"btn btn-transparent\" href=\"https:\/\/www.restoran-arkada.com\/hr\/apartment-3\/\">Vi\u0161e<\/a>\n\t\t\t<\/div>\n\t\t<\/div>\n\t<\/div>\n\t<span class=\"alpha-gradient\"><\/span>\n<\/div>\t\t\t\t\t\t\t\t\t\t\t\t\t\t\t<div class=\"item swiper-slide simple-parallax\">\n\t<div class=\"divimage dzsparallaxer--target\" style='background-image: url(\"https:\/\/www.restoran-arkada.com\/wp-content\/uploads\/apartment4-01.jpg\")'><\/div>\n\t<div class=\"center\">\n\t\t<div class=\"cols-2 margin-large latest-news-inner\">\n\t\t\t<div>\n\t\t\t\t<img width=\"600\" height=\"450\" src=\"https:\/\/www.restoran-arkada.com\/wp-content\/uploads\/apartment4-01-600x450.jpg\" class=\"attachment-medium size-medium wp-post-image\" alt=\"\" loading=\"lazy\" \/>\t\t\t<\/div>\n\t\t\t<div>\n\t\t\t\t<time class=\"date pr-font\" datetime=\"2018-08-18\">18\/08\/2018<\/time>\n\t\t\t\t<h2 class=\"font-title\"><a href=\"https:\/\/www.restoran-arkada.com\/hr\/apartment-4\/\">Apartman 4<\/a><\/h2>\t\n\t\t\t\t<p>2 spava\u0107e sobe za 4 osobe + 2 pomo\u0107na le\u017eaja<\/p>\n\t\t\t\t<a class=\"btn btn-transparent\" href=\"https:\/\/www.restoran-arkada.com\/hr\/apartment-4\/\">Vi\u0161e<\/a>\n\t\t\t<\/div>\n\t\t<\/div>\n\t<\/div>\n\t<span class=\"alpha-gradient\"><\/span>\n<\/div>\t\t\t\t\t\t\t\t\t\t\t\t\t\t\t<div class=\"item swiper-slide simple-parallax\">\n\t<div class=\"divimage dzsparallaxer--target\" style='background-image: url(\"https:\/\/www.restoran-arkada.com\/wp-content\/uploads\/apartment5-06.jpg\")'><\/div>\n\t<div class=\"center\">\n\t\t<div class=\"cols-2 margin-large latest-news-inner\">\n\t\t\t<div>\n\t\t\t\t<img width=\"600\" height=\"450\" src=\"https:\/\/www.restoran-arkada.com\/wp-content\/uploads\/apartment5-06-600x450.jpg\" class=\"attachment-medium size-medium wp-post-image\" alt=\"\" loading=\"lazy\" \/>\t\t\t<\/div>\n\t\t\t<div>\n\t\t\t\t<time class=\"date pr-font\" datetime=\"2018-08-18\">18\/08\/2018<\/time>\n\t\t\t\t<h2 class=\"font-title\"><a href=\"https:\/\/www.restoran-arkada.com\/hr\/apartment-5\/\">Apartman 5<\/a><\/h2>\t\n\t\t\t\t<p>3 spava\u0107e sobe za 6 osoba + 2 pomo\u0107na le\u017eaja<\/p>\n\t\t\t\t<a class=\"btn btn-transparent\" href=\"https:\/\/www.restoran-arkada.com\/hr\/apartment-5\/\">Vi\u0161e<\/a>\n\t\t\t<\/div>\n\t\t<\/div>\n\t<\/div>\n\t<span class=\"alpha-gradient\"><\/span>\n<\/div>\t\t\t\t\t\t\t\t\t\t\t\t\t<\/div>\n\t\t\t\t\t\t<div class=\"swiper-pagination\"><\/div>\n\t\t\t\t\t\t<span class=\"slider-button-prev fa fa-caret-left swiper-button-disabled\"><\/span>\n\t\t\t\t\t\t<span class=\"slider-button-next fa fa-caret-right\"><\/span>\t\t\n\t\t\t\t\t<\/div>\t\t\t\t\t\t\n\t\t\t\t<\/div>\n\t\t\t\t<\/section>\n\t\n\t<section id=\"contact-form\" class=\"section-block \">\n\t\t\t\t<div class=\"center\">\n\t\t\t<div class=\"section-title v1\">\n\t\t\t<p class=\"subtitle color-pr-tx\">Po\u0161aljite nam poruku<\/p>\n\t\t<h3 class=\"font-heading\"> Kontakt obrazac<\/h3>\t\t\n<\/div>\t\t\t<form id=\"ajax-contact\" method=\"post\" action=\"https:\/\/www.restoran-arkada.com\/wp-admin\/admin-ajax.php\">\n\t\t\t\t<div id=\"form-messages\" class=\"submit-form-message\"><\/div>\n\t\t\t\t<div class=\"form-items\">\n\t\t\t\t\t<div class=\"cols-3 margin-large\">\n\t\t\t\t\t\t<div class=\"form-item\">\n\t\t\t\t\t\t\t<label for=\"input-name\">Va\u0161e ime *<\/label>\n\t\t\t\t\t\t\t<input type=\"text\" id=\"input-name\" name=\"name\" class=\"required\">\n\t\t\t\t\t\t<\/div>\n\t\t\t\t\t\t<div class=\"form-item\">\n\t\t\t\t\t\t\t<label for=\"input-email\">Va\u0161 Email *<\/label>\n\t\t\t\t\t\t\t<input type=\"email\" id=\"input-email\" name=\"email\" class=\"required\">\n\t\t\t\t\t\t<\/div>\n\t\t\t\t\t\t<div class=\"form-item\">\n\t\t\t\t\t\t\t<label for=\"input-phone\">Va\u0161 telefon<\/label>\n\t\t\t\t\t\t\t<input type=\"tel\" id=\"input-phone\" name=\"phone\">\n\t\t\t\t\t\t<\/div>\t\t\t\t\t\t\t\n\t\t\t\t\t<\/div>\n\t\t\t\t\t<div class=\"form-item\">\n\t\t\t\t\t\t<label for=\"textarea-message\">Poruka *<\/label>\n\t\t\t\t\t\t<textarea id=\"textarea-message\" name=\"message\" class=\"required\"><\/textarea>\n\t\t\t\t\t<\/div>\n\t\t\t\t<\/div>\n\t\t\t\t<div class=\"align-center-margin\">\n\t\t\t\t\t<button type=\"submit\" class=\"btn-form btn btn-default btn-lg\">Po\u0161aljite nam poruku<\/button>\n\t\t\t\t<\/div>\n\t\t\t<\/form>\n\t\t<\/div>\n\t\t\t\t\t\n\t<\/section>\n\t<script>\n\t\tjQuery(document).ready(function($) {\n\t\t\tjQuery('#ajax-contact').on('submit', function(e) {\n\t\t\t\te.preventDefault();\n\t\t\t\tvar formMessages = $('#form-messages');\n\t\t\t\tvar form = jQuery(this);\t\t\t\t\n\t\t\t\tfunction validate(){\n\t\t\t\t\tform.find('[name]').each(function(index, value){\n\t\t\t\t\t\tvar that = $(this),\n\t\t\t\t\t\t \tvalue = that.val(),\n\t\t\t\t\t\t\tname = that.attr('name');\t\t\n\t\t\t\t\t\t\n\t\t\t\t\t\tif(that.hasClass('required')) {\n\t\t\t\t\t\t\tif(value == '' || value.length < 3 && value.length > 50) {\n\t\t\t\t\t\t\t\tthat.addClass('error');\n\t\t\t\t\t\t\t} else {\n\t\t\t\t\t\t\t\tthat.removeClass('error');\n\t\t\t\t\t\t\t}\n\t\t\t\t\t\t\tif(name == 'email') {\n\t\t\t\t\t\t\t\tif(!value.match(\/^([\\w-]+(?:\\.[\\w-]+)*)@((?:[\\w-]+\\.)*\\w[\\w-]{0,66})\\.([a-z]{2,6}(?:\\.[a-z]{2})?)$\/i)) {\n\t\t\t\t\t\t\t\t\tthat.addClass('error');\n\t\t\t\t\t\t\t\t}\n\t\t\t\t\t\t\t}\n\t\t\t\t\t\t}\n\t\t\t\t\t});\n\t\t\t\t\tif(form.find('.required').hasClass('error')) {\n\t\t\t\t\t\treturn false;\n\t\t\t\t\t}\n\t\t\t\t\treturn true;\t\t\t\t\t\t\t\t\t\t\t\t\t \t\t\t\t \t\t\t\t\t\n\t\t\t\t}\n\t\t\t\tif(validate()) {\n\t\t\t\t   \t\t\t\t\t    \n\t\t\t\t\tvar data = {\n\t\t\t\t\t\taction: 'contact_submit',\n\t\t\t\t\t\tform_data: form.serialize()\n\t\t\t\t\t}; \t\t\n\t\t\t\t\n\t\t\t\t\tvar test = jQuery.post( form.attr('action'), data, function(response) {\n\t\t\t\t\t    \/\/ Make sure that the formMessages div has the 'success' class.\n\t\t\t\t\t    $(formMessages).removeClass('error');\n\t\t\t\t\t    $(formMessages).addClass('success');\n\t\t\t\t\t\n\t\t\t\t\t    \/\/ Set the message text.\n\t\t\t\t\t    $(formMessages).text(response);\n\t\t\t\t\t    \n\t\t\t\t\t    form[0].reset();\n\t\t\t\t\t    \/\/$('#reservation-submit').prop(\"disabled\", true);\n\t\t\t\t\t});\n\t\t\t\t}\t\t\t\t\t\t\t\t\t\t\t\t\t\t  \t\t\t\n\t\t\t});\t\n\t\t});\t\n\t<\/script>\n\t\n","protected":false},"excerpt":{"rendered":"","protected":false},"author":1,"featured_media":0,"parent":0,"menu_order":17,"comment_status":"closed","ping_status":"closed","template":"page-full-width.php","meta":[],"_links":{"self":[{"href":"https:\/\/www.restoran-arkada.com\/hr\/wp-json\/wp\/v2\/pages\/1382"}],"collection":[{"href":"https:\/\/www.restoran-arkada.com\/hr\/wp-json\/wp\/v2\/pages"}],"about":[{"href":"https:\/\/www.restoran-arkada.com\/hr\/wp-json\/wp\/v2\/types\/page"}],"author":[{"embeddable":true,"href":"https:\/\/www.restoran-arkada.com\/hr\/wp-json\/wp\/v2\/users\/1"}],"replies":[{"embeddable":true,"href":"https:\/\/www.restoran-arkada.com\/hr\/wp-json\/wp\/v2\/comments?post=1382"}],"version-history":[{"count":0,"href":"https:\/\/www.restoran-arkada.com\/hr\/wp-json\/wp\/v2\/pages\/1382\/revisions"}],"wp:attachment":[{"href":"https:\/\/www.restoran-arkada.com\/hr\/wp-json\/wp\/v2\/media?parent=1382"}],"curies":[{"name":"wp","href":"https:\/\/api.w.org\/{rel}","templated":true}]}}