{"id":1394,"date":"2018-08-18T19:01:18","date_gmt":"2018-08-18T17:01:18","guid":{"rendered":"https:\/\/www.restoran-arkada.com\/about-us\/"},"modified":"2018-08-19T20:35:30","modified_gmt":"2018-08-19T18:35:30","slug":"about-us","status":"publish","type":"page","link":"https:\/\/www.restoran-arkada.com\/hr\/about-us\/","title":{"rendered":"O nama"},"content":{"rendered":"<p>Restoran Arkada nalazi se na Biogradskoj rivi s prekrasnim pogledom na more, u blizini hotela Kornati.<\/p>\n<p>Ponosni smo na \u010detrdeset godina i sada \u010detvrtu generaciju uspje\u0161nog rada \u0161to je potvrda kvalitete i sustavnog rada ovog restorana koji svakodnevno pobolj\u0161avamo.<\/p>\n<p>Restoran radi u skladu s HACCAP sustavom.<\/p>\n<p>U hladovini palmi, lovora i drugih tipi\u010dnih mediteranskih stabala mo\u017eete birati izme\u0111u raznih vrsta riba, \u0161koljaka i drugih specijaliteta iz Jadranskog mora.<\/p>\n<p>Zapo\u010dnite morski meni s predjelima kao \u0161to su tuna, hladna hobotnica, salata od tune ili salata Frutti di mare nakon \u010dega nastavite s ukusnim ri\u017eotom od sipa (delikatesom pod nazivom crni ri\u017eoto), ri\u017eotom od liganja ili \u0161koljki.<\/p>\n<p>\u0160krpine, kova\u010di, brancini i orade uvijek su dostupni na jelovniku u restoranu Arkada. Naravno, ne smijemo zaboraviti \u0161kampe i jastoge iz Kornatskog arhipelaga. Po \u017eelji mo\u017eete dobiti tunu, sku\u0161e, srdele, gavune i druge ribe pripremljene na ro\u0161tilju ili pr\u017eene.<\/p>\n<p>Za one koji preferiraju mesni meni, mo\u017eete zapo\u010deti s Dalmatinskim pr\u0161utom i sirom s otoka Paga poznatog po svom specifi\u010dnom okusu. Na\u0161 kuhar pripremit \u0107e vam izvrsni specijalitet kao \u0161to su pa\u0161ticada s njokima ili neko drugo jelo od mesa koje je tipi\u010dno za na\u0161u dalmatinsku kuhinju.<\/p>\n<p>S uvijek svje\u017eim povr\u0107em u na\u0161oj kuhinji mo\u017eemo kombinirati ukusan vegetarijanski obrok.<\/p>\n<p>Svaki obrok \u0107e biti ukusniji uz \u010da\u0161u dobrog vina, a na\u0161a vinska karta temelji se na vrhunskim vinima iz Dalmatinske regije.<\/p>\n<p>Zaokru\u017eite jelo odabirom tipi\u010dnog deserta poput fritula, kro\u0161tula ili nekog drugog.<\/p>\n<p>Prijateljsko osoblje restorana Arkada o\u010dekuje vas, rado \u0107e vas ugostiti i po\u017eeljeti vam topli opro\u0161taj.<\/p>\n","protected":false},"excerpt":{"rendered":"<p>Restoran Arkada nalazi se na Biogradskoj rivi s prekrasnim pogledom na more, u blizini hotela Kornati. Ponosni smo na \u010detrdeset godina i sada \u010detvrtu generaciju uspje\u0161nog rada \u0161to je potvrda&#8230;<\/p>\n","protected":false},"author":1,"featured_media":1064,"parent":0,"menu_order":8,"comment_status":"closed","ping_status":"closed","template":"","meta":[],"_links":{"self":[{"href":"https:\/\/www.restoran-arkada.com\/hr\/wp-json\/wp\/v2\/pages\/1394"}],"collection":[{"href":"https:\/\/www.restoran-arkada.com\/hr\/wp-json\/wp\/v2\/pages"}],"about":[{"href":"https:\/\/www.restoran-arkada.com\/hr\/wp-json\/wp\/v2\/types\/page"}],"author":[{"embeddable":true,"href":"https:\/\/www.restoran-arkada.com\/hr\/wp-json\/wp\/v2\/users\/1"}],"replies":[{"embeddable":true,"href":"https:\/\/www.restoran-arkada.com\/hr\/wp-json\/wp\/v2\/comments?post=1394"}],"version-history":[{"count":0,"href":"https:\/\/www.restoran-arkada.com\/hr\/wp-json\/wp\/v2\/pages\/1394\/revisions"}],"wp:featuredmedia":[{"embeddable":true,"href":"https:\/\/www.restoran-arkada.com\/hr\/wp-json\/wp\/v2\/media\/1064"}],"wp:attachment":[{"href":"https:\/\/www.restoran-arkada.com\/hr\/wp-json\/wp\/v2\/media?parent=1394"}],"curies":[{"name":"wp","href":"https:\/\/api.w.org\/{rel}","templated":true}]}}